{"id":3,"date":"2021-08-27T18:34:26","date_gmt":"2021-08-27T18:34:26","guid":{"rendered":"https:\/\/puntodincontro.mx\/pdi2021\/?page_id=3"},"modified":"2021-09-22T05:59:40","modified_gmt":"2021-09-22T10:59:40","slug":"privacy-policy-2","status":"publish","type":"page","link":"https:\/\/puntodincontro.mx\/es\/privacy-policy-2\/","title":{"rendered":"Aviso de privacidad"},"content":{"rendered":"<p>De conformidad con lo establecido en la Ley Federal de Protecci\u00f3n de Datos Personales en Posesi\u00f3n de los Particulares, Puntodincontro pone a su disposici\u00f3n el siguiente aviso de privacidad.<\/p>\n\n\n\n<p>Puntodincontro es responsable del uso y protecci\u00f3n de sus datos personales. En este sentido y atendiendo las obligaciones legales establecidas en la Ley Federal de Protecci\u00f3n de Datos Personales en Posesi\u00f3n de los Particulares, a  trav\u00e9s de este instrumento se comunica a los titulares de los datos la informaci\u00f3n que de ellos se recaba y los fines que se dar\u00e1n a dicha informaci\u00f3n.<\/p>\n\n\n\n<p>Adem\u00e1s de lo anterior, informamos a usted que Puntodincontro tiene su domicilio ubicado en: Privada Nogal ll, Casa 3A, Fraccionamiento Bosque de los Encinos, Ocoyoacac, Estado de M\u00e9xico<\/p>\n\n\n\n<p>Los datos personales que recabamos de usted ser\u00e1n utilizados para las siguientes finalidades, las cuales son necesarias para concretar nuestra relaci\u00f3n con usted, as\u00ed como para atender los servicios y\/o pedidos que solicite:<\/p>\n\n\n\n<p class=\"has-text-align-center\">Brindar servicios informativos<\/p>\n\n\n\n<p>Para llevar a cabo las finalidades descritas en el presente aviso de privacidad, utilizaremos los siguientes datos personales: nombre, direcci\u00f3n, tel\u00e9fono y direcci\u00f3n de e-mail, tambi\u00e9n a trav\u00e9s de la utilizaci\u00f3n de cookies u otras tecnolog\u00edas<\/p>\n\n\n\n<p>Por otra parte, informamos a usted que sus datos personales no ser\u00e1n compartidos con ninguna autoridad, empresa, organizaci\u00f3n o persona distintas a nosotros y ser\u00e1n utilizados exclusivamente para los fines se\u00f1alados.<\/p>\n\n\n\n<p>Usted tiene en todo momento el derecho a conocer qu\u00e9 datos personales tenemos de usted, para qu\u00e9 los utilizamos y las condiciones del uso que les damos. Asimismo, es su derecho solicitar la correcci\u00f3n de su informaci\u00f3n personal en caso de que est\u00e9 desactualizada, sea inexacta o incompleta; de igual manera, tiene derecho a que su informaci\u00f3n se elimine de nuestros registros o bases de datos cuando considere que la misma no est\u00e1 siendo utilizada adecuadamente, as\u00ed como tambi\u00e9n a oponerse al uso de sus datos personales para fines espec\u00edficos. Estos derechos se conocen como derechos ARCO.<\/p>\n\n\n\n<p>Para el ejercicio de cualquiera de los derechos ARCO, se deber\u00e1 presentar la solicitud respectiva a trav\u00e9s de los formatos que est\u00e1n a su disposici\u00f3n en: <a href=\"https:\/\/puntodincontro.mx\/es\/contattaci\/\" target=\"_blank\" rel=\"noreferrer noopener\">https:\/\/puntodincontro.mx\/contattaci<\/a><\/p>\n\n\n\n<p>Lo anterior tambi\u00e9n servir\u00e1 para conocer el procedimiento y requisitos para el ejercicio de los derechos ARCO.<\/p>\n\n\n\n<p>En todo caso la respuesta a la solicitud se dar\u00e1 en el siguiente plazo: 20 d\u00edas h\u00e1biles. <\/p>\n\n\n\n<p>Los datos de contacto del departamento de datos personales a cargo de dar tr\u00e1mite a las solicitudes de derechos ARCO son los siguientes:<\/p>\n\n\n\n<p>a) Nombre del responsable: Departamento de informaci\u00f3n<\/p>\n\n\n\n<p>b) Domicilio: Privada Nogal ll, Casa 3A, Fraccionamiento Bosque de los Encinos, Ocoyoacac, Estado de M\u00e9xico<\/p>\n\n\n\n<p>c) Tel\u00e9fono: +52 729 243 3743<\/p>\n\n\n\n<p>Cabe mencionar que en cualquier momento usted puede revocar su consentimiento para el uso de sus datos personales. Del mismo modo, usted puede revocar el consentimiento que, en su caso, nos haya otorgado para el tratamiento de sus datos personales.<\/p>\n\n\n\n<p>Asimismo, usted deber\u00e1 considerar que para ciertos fines la revocaci\u00f3n de su consentimiento implicar\u00e1 que no podamos seguir prestando el servicio que nos solicit\u00f3, o la conclusi\u00f3n de su relaci\u00f3n con nosotros.<\/p>\n\n\n\n<p>Para revocar el consentimiento que usted otorga en este acto o para limitar su divulgaci\u00f3n, se deber\u00e1 presentar la solicitud respectiva a trav\u00e9s de los formatos que estar\u00e1n a su disposici\u00f3n en: <a href=\"https:\/\/puntodincontro.mx\/es\/contattaci\/\" target=\"_blank\" rel=\"noreferrer noopener\">https:\/\/puntodincontro.mx\/contattaci\/<\/a><\/p>\n\n\n\n<p>Del mismo modo, podr\u00e1 solicitar la informaci\u00f3n para conocer el procedimiento y requisitos para la revocaci\u00f3n del consentimiento, as\u00ed como limitar el uso y divulgaci\u00f3n de su informaci\u00f3n personal.<\/p>\n\n\n\n<p>En cualquier caso, la respuesta a las peticiones se dar\u00e1 a conocer en el siguiente plazo: 20 d\u00edas h\u00e1biles.<\/p>\n\n\n\n<p>Nos comprometemos a mantenerlo informado sobre los cambios que pueda sufrir el presente aviso de privacidad, sin embargo, usted puede solicitar informaci\u00f3n sobre si el mismo ha sufrido alg\u00fan cambio a trav\u00e9s de la siguiente direcci\u00f3n electr\u00f3nica: <a href=\"https:\/\/puntodincontro.mx\/es\/contattaci\/\" target=\"_blank\" rel=\"noreferrer noopener\">https:\/\/puntodincontro.mx\/contattaci\/<\/a><\/p>\n\n\n\n<p>\u00daltima actualizaci\u00f3n: 22 de septiembre de 2021<\/p>","protected":false},"excerpt":{"rendered":"<p>De conformidad con lo establecido en la Ley Federal de Protecci\u00f3n de Datos Personales en Posesi\u00f3n de los Particulares, Puntodincontro pone a su disposici\u00f3n el siguiente aviso de privacidad. Puntodincontro es responsable del uso y protecci\u00f3n de sus datos personales. En este sentido y atendiendo las obligaciones legales establecidas en la Ley Federal de Protecci\u00f3n de Datos Personales en Posesi\u00f3n de los Particulares, a trav\u00e9s de este instrumento se comunica a los titulares de los datos la informaci\u00f3n que de ellos se recaba y los fines que se dar\u00e1n a dicha informaci\u00f3n. Adem\u00e1s de lo anterior, informamos a usted que&#8230; <\/p>","protected":false},"author":2,"featured_media":0,"parent":0,"menu_order":0,"comment_status":"closed","ping_status":"open","template":"","meta":{"_monsterinsights_skip_tracking":false,"_monsterinsights_sitenote_active":false,"_monsterinsights_sitenote_note":"","_monsterinsights_sitenote_category":0,"footnotes":""},"class_list":["post-3","page","type-page","status-publish","hentry"],"yoast_head":"<!-- This site is optimized with the Yoast SEO Premium plugin v18.4 (Yoast SEO v25.6) - https:\/\/yoast.com\/wordpress\/plugins\/seo\/ -->\n<title>Aviso de privacidad Puntodincontro<\/title>\n<meta name=\"description\" content=\"De conformidad con lo establecido en la Ley Federal de Protecci\u00f3n de Datos Personales en Posesi\u00f3n de los Particulares, Puntodincontro pone a su disposici\u00f3n el siguiente aviso de privacidad.\" \/>\n<meta name=\"robots\" content=\"index, follow, max-snippet:-1, max-image-preview:large, max-video-preview:-1\" \/>\n<link rel=\"canonical\" href=\"https:\/\/puntodincontro.mx\/es\/privacy-policy-2\/\" \/>\n<meta property=\"og:locale\" content=\"es_MX\" \/>\n<meta property=\"og:type\" content=\"article\" \/>\n<meta property=\"og:title\" content=\"Aviso de privacidad\" \/>\n<meta property=\"og:description\" content=\"De conformidad con lo establecido en la Ley Federal de Protecci\u00f3n de Datos Personales en Posesi\u00f3n de los Particulares, Puntodincontro pone a su disposici\u00f3n el siguiente aviso de privacidad.\" \/>\n<meta property=\"og:url\" content=\"https:\/\/puntodincontro.mx\/es\/privacy-policy-2\/\" \/>\n<meta property=\"og:site_name\" content=\"Puntodincontro\" \/>\n<meta property=\"article:publisher\" content=\"https:\/\/www.facebook.com\/puntodincontro.mx\" \/>\n<meta property=\"article:modified_time\" content=\"2021-09-22T10:59:40+00:00\" \/>\n<meta name=\"twitter:card\" content=\"summary_large_image\" \/>\n<meta name=\"twitter:site\" content=\"@puntodincontro\" \/>\n<meta name=\"twitter:label1\" content=\"Tiempo de lectura\" \/>\n\t<meta name=\"twitter:data1\" content=\"3 minutos\" \/>\n<script type=\"application\/ld+json\" class=\"yoast-schema-graph\">{\"@context\":\"https:\/\/schema.org\",\"@graph\":[{\"@type\":\"WebPage\",\"@id\":\"https:\/\/puntodincontro.mx\/privacy-policy-2\/\",\"url\":\"https:\/\/puntodincontro.mx\/privacy-policy-2\/\",\"name\":\"Aviso de privacidad Puntodincontro\",\"isPartOf\":{\"@id\":\"https:\/\/puntodincontro.mx\/#website\"},\"datePublished\":\"2021-08-27T18:34:26+00:00\",\"dateModified\":\"2021-09-22T10:59:40+00:00\",\"description\":\"De conformidad con lo establecido en la Ley Federal de Protecci\u00f3n de Datos Personales en Posesi\u00f3n de los Particulares, Puntodincontro pone a su disposici\u00f3n el siguiente aviso de privacidad.\",\"breadcrumb\":{\"@id\":\"https:\/\/puntodincontro.mx\/privacy-policy-2\/#breadcrumb\"},\"inLanguage\":\"es\",\"potentialAction\":[{\"@type\":\"ReadAction\",\"target\":[\"https:\/\/puntodincontro.mx\/privacy-policy-2\/\"]}]},{\"@type\":\"BreadcrumbList\",\"@id\":\"https:\/\/puntodincontro.mx\/privacy-policy-2\/#breadcrumb\",\"itemListElement\":[{\"@type\":\"ListItem\",\"position\":1,\"name\":\"Home\",\"item\":\"https:\/\/puntodincontro.mx\/\"},{\"@type\":\"ListItem\",\"position\":2,\"name\":\"Aviso de privacidad\"}]},{\"@type\":\"WebSite\",\"@id\":\"https:\/\/puntodincontro.mx\/#website\",\"url\":\"https:\/\/puntodincontro.mx\/\",\"name\":\"Puntodincontro\",\"description\":\"Dal 2006 notizie sui rapporti Italia-Messico \/ Desde 2006 noticias sobre las relaciones entre Italia y M\u00e9xico\",\"publisher\":{\"@id\":\"https:\/\/puntodincontro.mx\/#organization\"},\"potentialAction\":[{\"@type\":\"SearchAction\",\"target\":{\"@type\":\"EntryPoint\",\"urlTemplate\":\"https:\/\/puntodincontro.mx\/?s={search_term_string}\"},\"query-input\":{\"@type\":\"PropertyValueSpecification\",\"valueRequired\":true,\"valueName\":\"search_term_string\"}}],\"inLanguage\":\"es\"},{\"@type\":\"Organization\",\"@id\":\"https:\/\/puntodincontro.mx\/#organization\",\"name\":\"Puntodincontro\",\"url\":\"https:\/\/puntodincontro.mx\/\",\"logo\":{\"@type\":\"ImageObject\",\"inLanguage\":\"es\",\"@id\":\"https:\/\/puntodincontro.mx\/#\/schema\/logo\/image\/\",\"url\":\"https:\/\/puntodincontro.mx\/wp-content\/uploads\/2021\/08\/Default-image-for-open-graph-settings.jpg\",\"contentUrl\":\"https:\/\/puntodincontro.mx\/wp-content\/uploads\/2021\/08\/Default-image-for-open-graph-settings.jpg\",\"width\":1200,\"height\":630,\"caption\":\"Puntodincontro\"},\"image\":{\"@id\":\"https:\/\/puntodincontro.mx\/#\/schema\/logo\/image\/\"},\"sameAs\":[\"https:\/\/www.facebook.com\/puntodincontro.mx\",\"https:\/\/x.com\/puntodincontro\",\"https:\/\/www.instagram.com\/puntodincontro.mx\/\",\"https:\/\/www.linkedin.com\/company\/puntodincontro\/\",\"https:\/\/www.youtube.com\/c\/puntodincontromessico\",\"https:\/\/www.patreon.com\/puntodincontro\",\"https:\/\/www.threads.net\/@puntodincontro.mx\"]}]}<\/script>\n<!-- \/ Yoast SEO Premium plugin. -->","yoast_head_json":{"title":"Aviso de privacidad Puntodincontro","description":"De conformidad con lo establecido en la Ley Federal de Protecci\u00f3n de Datos Personales en Posesi\u00f3n de los Particulares, Puntodincontro pone a su disposici\u00f3n el siguiente aviso de privacidad.","robots":{"index":"index","follow":"follow","max-snippet":"max-snippet:-1","max-image-preview":"max-image-preview:large","max-video-preview":"max-video-preview:-1"},"canonical":"https:\/\/puntodincontro.mx\/es\/privacy-policy-2\/","og_locale":"es_MX","og_type":"article","og_title":"Aviso de privacidad","og_description":"De conformidad con lo establecido en la Ley Federal de Protecci\u00f3n de Datos Personales en Posesi\u00f3n de los Particulares, Puntodincontro pone a su disposici\u00f3n el siguiente aviso de privacidad.","og_url":"https:\/\/puntodincontro.mx\/es\/privacy-policy-2\/","og_site_name":"Puntodincontro","article_publisher":"https:\/\/www.facebook.com\/puntodincontro.mx","article_modified_time":"2021-09-22T10:59:40+00:00","twitter_card":"summary_large_image","twitter_site":"@puntodincontro","twitter_misc":{"Tiempo de lectura":"3 minutos"},"schema":{"@context":"https:\/\/schema.org","@graph":[{"@type":"WebPage","@id":"https:\/\/puntodincontro.mx\/privacy-policy-2\/","url":"https:\/\/puntodincontro.mx\/privacy-policy-2\/","name":"Aviso de privacidad Puntodincontro","isPartOf":{"@id":"https:\/\/puntodincontro.mx\/#website"},"datePublished":"2021-08-27T18:34:26+00:00","dateModified":"2021-09-22T10:59:40+00:00","description":"De conformidad con lo establecido en la Ley Federal de Protecci\u00f3n de Datos Personales en Posesi\u00f3n de los Particulares, Puntodincontro pone a su disposici\u00f3n el siguiente aviso de privacidad.","breadcrumb":{"@id":"https:\/\/puntodincontro.mx\/privacy-policy-2\/#breadcrumb"},"inLanguage":"es","potentialAction":[{"@type":"ReadAction","target":["https:\/\/puntodincontro.mx\/privacy-policy-2\/"]}]},{"@type":"BreadcrumbList","@id":"https:\/\/puntodincontro.mx\/privacy-policy-2\/#breadcrumb","itemListElement":[{"@type":"ListItem","position":1,"name":"Home","item":"https:\/\/puntodincontro.mx\/"},{"@type":"ListItem","position":2,"name":"Aviso de privacidad"}]},{"@type":"WebSite","@id":"https:\/\/puntodincontro.mx\/#website","url":"https:\/\/puntodincontro.mx\/","name":"Puntodincontro","description":"Desde el 2006 noticias sobre las relaciones entre Italia y M\u00e9xico \/ Dal 2006 notizie sui rapporti Italia-Messico","publisher":{"@id":"https:\/\/puntodincontro.mx\/#organization"},"potentialAction":[{"@type":"SearchAction","target":{"@type":"EntryPoint","urlTemplate":"https:\/\/puntodincontro.mx\/?s={search_term_string}"},"query-input":{"@type":"PropertyValueSpecification","valueRequired":true,"valueName":"search_term_string"}}],"inLanguage":"es"},{"@type":"Organization","@id":"https:\/\/puntodincontro.mx\/#organization","name":"Puntodincontro","url":"https:\/\/puntodincontro.mx\/","logo":{"@type":"ImageObject","inLanguage":"es","@id":"https:\/\/puntodincontro.mx\/#\/schema\/logo\/image\/","url":"https:\/\/puntodincontro.mx\/wp-content\/uploads\/2021\/08\/Default-image-for-open-graph-settings.jpg","contentUrl":"https:\/\/puntodincontro.mx\/wp-content\/uploads\/2021\/08\/Default-image-for-open-graph-settings.jpg","width":1200,"height":630,"caption":"Puntodincontro"},"image":{"@id":"https:\/\/puntodincontro.mx\/#\/schema\/logo\/image\/"},"sameAs":["https:\/\/www.facebook.com\/puntodincontro.mx","https:\/\/x.com\/puntodincontro","https:\/\/www.instagram.com\/puntodincontro.mx\/","https:\/\/www.linkedin.com\/company\/puntodincontro\/","https:\/\/www.youtube.com\/c\/puntodincontromessico","https:\/\/www.patreon.com\/puntodincontro","https:\/\/www.threads.net\/@puntodincontro.mx"]}]}},"_links":{"self":[{"href":"https:\/\/puntodincontro.mx\/es\/wp-json\/wp\/v2\/pages\/3"}],"collection":[{"href":"https:\/\/puntodincontro.mx\/es\/wp-json\/wp\/v2\/pages"}],"about":[{"href":"https:\/\/puntodincontro.mx\/es\/wp-json\/wp\/v2\/types\/page"}],"author":[{"embeddable":true,"href":"https:\/\/puntodincontro.mx\/es\/wp-json\/wp\/v2\/users\/2"}],"replies":[{"embeddable":true,"href":"https:\/\/puntodincontro.mx\/es\/wp-json\/wp\/v2\/comments?post=3"}],"version-history":[{"count":5,"href":"https:\/\/puntodincontro.mx\/es\/wp-json\/wp\/v2\/pages\/3\/revisions"}],"predecessor-version":[{"id":836,"href":"https:\/\/puntodincontro.mx\/es\/wp-json\/wp\/v2\/pages\/3\/revisions\/836"}],"wp:attachment":[{"href":"https:\/\/puntodincontro.mx\/es\/wp-json\/wp\/v2\/media?parent=3"}],"curies":[{"name":"wp","href":"https:\/\/api.w.org\/{rel}","templated":true}]}}